{"id":1552,"date":"2024-02-14T10:28:55","date_gmt":"2024-02-14T10:28:55","guid":{"rendered":"https:\/\/sitoweb.biz\/EBPLAST.it\/?page_id=1552"},"modified":"2026-02-18T10:08:26","modified_gmt":"2026-02-18T10:08:26","slug":"certificazioni","status":"publish","type":"page","link":"https:\/\/ebplast.it\/es\/certificazioni\/","title":{"rendered":"Certificaciones"},"content":{"rendered":"<div data-elementor-type=\"wp-page\" data-elementor-id=\"1552\" class=\"elementor elementor-1552\" data-elementor-post-type=\"page\">\n\t\t\t\t\t\t<section class=\"elementor-section elementor-top-section elementor-element elementor-element-bdd36a3 elementor-section-height-min-height elementor-section-boxed elementor-section-height-default elementor-section-items-middle\" data-id=\"bdd36a3\" data-element_type=\"section\" data-settings=\"{&quot;background_background&quot;:&quot;classic&quot;}\">\n\t\t\t\t\t\t\t<div class=\"elementor-background-overlay\"><\/div>\n\t\t\t\t\t\t\t<div class=\"elementor-container elementor-column-gap-default\">\n\t\t\t\t\t<div class=\"elementor-column elementor-col-100 elementor-top-column elementor-element elementor-element-970d692\" data-id=\"970d692\" data-element_type=\"column\">\n\t\t\t<div class=\"elementor-widget-wrap elementor-element-populated\">\n\t\t\t\t\t\t<section class=\"elementor-section elementor-inner-section elementor-element elementor-element-4dbb7ec elementor-section-content-middle elementor-section-boxed elementor-section-height-default elementor-section-height-default\" data-id=\"4dbb7ec\" data-element_type=\"section\">\n\t\t\t\t\t\t<div class=\"elementor-container elementor-column-gap-default\">\n\t\t\t\t\t<div class=\"elementor-column elementor-col-50 elementor-inner-column elementor-element elementor-element-aeae18e\" data-id=\"aeae18e\" data-element_type=\"column\">\n\t\t\t<div class=\"elementor-widget-wrap elementor-element-populated\">\n\t\t\t\t\t\t<div class=\"elementor-element elementor-element-3890bfb elementor-invisible elementor-widget elementor-widget-heading\" data-id=\"3890bfb\" data-element_type=\"widget\" data-settings=\"{&quot;_animation&quot;:&quot;fadeInUp&quot;}\" data-widget_type=\"heading.default\">\n\t\t\t\t<div class=\"elementor-widget-container\">\n\t\t\t\t\t<h1 class=\"elementor-heading-title elementor-size-default\">Certificaciones<\/h1>\t\t\t\t<\/div>\n\t\t\t\t<\/div>\n\t\t\t\t<div class=\"elementor-element elementor-element-bdfc225 elementor-invisible elementor-widget elementor-widget-heading\" data-id=\"bdfc225\" data-element_type=\"widget\" data-settings=\"{&quot;_animation&quot;:&quot;fadeInUp&quot;,&quot;_animation_delay&quot;:200}\" data-widget_type=\"heading.default\">\n\t\t\t\t<div class=\"elementor-widget-container\">\n\t\t\t\t\t<h4 class=\"elementor-heading-title elementor-size-default\">EB Plast no es s\u00f3lo un punto de referencia para el moldeo de pl\u00e1stico en B\u00e9rgamo, sino su socio certificado.<\/h4>\t\t\t\t<\/div>\n\t\t\t\t<\/div>\n\t\t\t\t\t<\/div>\n\t\t<\/div>\n\t\t\t\t<div class=\"elementor-column elementor-col-50 elementor-inner-column elementor-element elementor-element-3b8a237\" data-id=\"3b8a237\" data-element_type=\"column\">\n\t\t\t<div class=\"elementor-widget-wrap\">\n\t\t\t\t\t\t\t<\/div>\n\t\t<\/div>\n\t\t\t\t\t<\/div>\n\t\t<\/section>\n\t\t\t\t\t<\/div>\n\t\t<\/div>\n\t\t\t\t\t<\/div>\n\t\t<\/section>\n\t\t\t\t<section class=\"elementor-section elementor-top-section elementor-element elementor-element-784eec72 elementor-section-content-middle elementor-reverse-tablet elementor-reverse-mobile elementor-section-boxed elementor-section-height-default elementor-section-height-default\" data-id=\"784eec72\" data-element_type=\"section\">\n\t\t\t\t\t\t<div class=\"elementor-container elementor-column-gap-default\">\n\t\t\t\t\t<div class=\"elementor-column elementor-col-50 elementor-top-column elementor-element elementor-element-f57f8fd\" data-id=\"f57f8fd\" data-element_type=\"column\">\n\t\t\t<div class=\"elementor-widget-wrap elementor-element-populated\">\n\t\t\t\t\t\t<div class=\"elementor-element elementor-element-839336d elementor-widget elementor-widget-image\" data-id=\"839336d\" data-element_type=\"widget\" data-widget_type=\"image.default\">\n\t\t\t\t<div class=\"elementor-widget-container\">\n\t\t\t\t\t\t\t\t\t\t\t\t\t\t\t<img fetchpriority=\"high\" decoding=\"async\" width=\"800\" height=\"534\" src=\"https:\/\/ebplast.it\/wp-content\/uploads\/2024\/02\/EB-Plast-Certificazioni-foto-drone-1024x683.jpg\" class=\"attachment-large size-large wp-image-1642\" alt=\"\" srcset=\"https:\/\/ebplast.it\/wp-content\/uploads\/2024\/02\/EB-Plast-Certificazioni-foto-drone-1024x683.jpg 1024w, https:\/\/ebplast.it\/wp-content\/uploads\/2024\/02\/EB-Plast-Certificazioni-foto-drone-300x200.jpg 300w, https:\/\/ebplast.it\/wp-content\/uploads\/2024\/02\/EB-Plast-Certificazioni-foto-drone-768x512.jpg 768w, https:\/\/ebplast.it\/wp-content\/uploads\/2024\/02\/EB-Plast-Certificazioni-foto-drone-1536x1024.jpg 1536w, https:\/\/ebplast.it\/wp-content\/uploads\/2024\/02\/EB-Plast-Certificazioni-foto-drone-2048x1366.jpg 2048w\" sizes=\"(max-width: 800px) 100vw, 800px\" \/>\t\t\t\t\t\t\t\t\t\t\t\t\t\t\t<\/div>\n\t\t\t\t<\/div>\n\t\t\t\t\t<\/div>\n\t\t<\/div>\n\t\t\t\t<div class=\"elementor-column elementor-col-50 elementor-top-column elementor-element elementor-element-22f6e0f2 elementor-invisible\" data-id=\"22f6e0f2\" data-element_type=\"column\" data-settings=\"{&quot;animation&quot;:&quot;fadeInRight&quot;}\">\n\t\t\t<div class=\"elementor-widget-wrap elementor-element-populated\">\n\t\t\t\t\t\t<div class=\"elementor-element elementor-element-351da78e elementor-widget elementor-widget-heading\" data-id=\"351da78e\" data-element_type=\"widget\" data-widget_type=\"heading.default\">\n\t\t\t\t<div class=\"elementor-widget-container\">\n\t\t\t\t\t<h2 class=\"elementor-heading-title elementor-size-default\">Garant\u00eda de calidad: Nuestras certificaciones <\/h2>\t\t\t\t<\/div>\n\t\t\t\t<\/div>\n\t\t\t\t<div class=\"elementor-element elementor-element-18042452 elementor-widget elementor-widget-text-editor\" data-id=\"18042452\" data-element_type=\"widget\" data-widget_type=\"text-editor.default\">\n\t\t\t\t<div class=\"elementor-widget-container\">\n\t\t\t\t\t\t\t\t\t<p>En EB Plast, la calidad y la sostenibilidad son el n\u00facleo de nuestra misi\u00f3n. Nuestras certificaciones reflejan nuestro compromiso de mantener los m\u00e1s altos est\u00e1ndares en todos los aspectos de nuestras operaciones, desde la fabricaci\u00f3n responsable hasta la innovaci\u00f3n sostenible. Cada certificaci\u00f3n que hemos conseguido es un signo de nuestro compromiso continuo con la excelencia, la seguridad del producto, la reducci\u00f3n del impacto medioambiental y la satisfacci\u00f3n del cliente. Mediante rigurosos controles y procesos certificados, garantizamos que cada producto que sale de nuestra f\u00e1brica no s\u00f3lo cumple, sino que supera las expectativas del mercado y las exigencias de nuestros clientes.<\/p>\t\t\t\t\t\t\t\t<\/div>\n\t\t\t\t<\/div>\n\t\t\t\t<div class=\"elementor-element elementor-element-43eca299 elementor-tablet-align-center elementor-widget elementor-widget-button\" data-id=\"43eca299\" data-element_type=\"widget\" data-widget_type=\"button.default\">\n\t\t\t\t<div class=\"elementor-widget-container\">\n\t\t\t\t\t\t\t\t\t<div class=\"elementor-button-wrapper\">\n\t\t\t\t\t<a class=\"elementor-button elementor-button-link elementor-size-md elementor-animation-grow\" href=\"https:\/\/ebplast.it\/es\/contatti\/\">\n\t\t\t\t\t\t<span class=\"elementor-button-content-wrapper\">\n\t\t\t\t\t\t\t\t\t<span class=\"elementor-button-text\">CONTACTO<\/span>\n\t\t\t\t\t<\/span>\n\t\t\t\t\t<\/a>\n\t\t\t\t<\/div>\n\t\t\t\t\t\t\t\t<\/div>\n\t\t\t\t<\/div>\n\t\t\t\t\t<\/div>\n\t\t<\/div>\n\t\t\t\t\t<\/div>\n\t\t<\/section>\n\t\t<div class=\"elementor-element elementor-element-556e35a e-flex e-con-boxed e-con e-parent\" data-id=\"556e35a\" data-element_type=\"container\">\n\t\t\t\t\t<div class=\"e-con-inner\">\n\t\t\t\t<div class=\"elementor-element elementor-element-146e259 elementor-widget elementor-widget-heading\" data-id=\"146e259\" data-element_type=\"widget\" data-widget_type=\"heading.default\">\n\t\t\t\t<div class=\"elementor-widget-container\">\n\t\t\t\t\t<h2 class=\"elementor-heading-title elementor-size-default\">UNI EN ISO 9001 <\/h2>\t\t\t\t<\/div>\n\t\t\t\t<\/div>\n\t\t\t\t<div class=\"elementor-element elementor-element-cc4bf2c elementor-widget__width-initial elementor-widget-tablet__width-inherit elementor-widget elementor-widget-text-editor\" data-id=\"cc4bf2c\" data-element_type=\"widget\" data-widget_type=\"text-editor.default\">\n\t\t\t\t<div class=\"elementor-widget-container\">\n\t\t\t\t\t\t\t\t\t<p>EB Plast cuenta con la certificaci\u00f3n UNI EN ISO 9001, la norma internacional para los sistemas de gesti\u00f3n de la calidad. Una garant\u00eda de organizaci\u00f3n, trazabilidad y mejora continua en beneficio de clientes, proveedores y colaboradores.<\/p>\t\t\t\t\t\t\t\t<\/div>\n\t\t\t\t<\/div>\n\t\t\t\t<div class=\"elementor-element elementor-element-71e28f2 elementor-tablet-align-center elementor-widget elementor-widget-button\" data-id=\"71e28f2\" data-element_type=\"widget\" data-widget_type=\"button.default\">\n\t\t\t\t<div class=\"elementor-widget-container\">\n\t\t\t\t\t\t\t\t\t<div class=\"elementor-button-wrapper\">\n\t\t\t\t\t<a class=\"elementor-button elementor-button-link elementor-size-md elementor-animation-grow\" href=\"https:\/\/ebplast.it\/es\/certificazione-uni-en-iso-9001\/\">\n\t\t\t\t\t\t<span class=\"elementor-button-content-wrapper\">\n\t\t\t\t\t\t\t\t\t<span class=\"elementor-button-text\">M\u00e1s informaci\u00f3n<\/span>\n\t\t\t\t\t<\/span>\n\t\t\t\t\t<\/a>\n\t\t\t\t<\/div>\n\t\t\t\t\t\t\t\t<\/div>\n\t\t\t\t<\/div>\n\t\t\t\t<div class=\"elementor-element elementor-element-983a274 elementor-widget elementor-widget-heading\" data-id=\"983a274\" data-element_type=\"widget\" data-widget_type=\"heading.default\">\n\t\t\t\t<div class=\"elementor-widget-container\">\n\t\t\t\t\t<h2 class=\"elementor-heading-title elementor-size-default\">UNI EN ISO 14064 <\/h2>\t\t\t\t<\/div>\n\t\t\t\t<\/div>\n\t\t\t\t<div class=\"elementor-element elementor-element-084709c elementor-widget__width-initial elementor-widget elementor-widget-text-editor\" data-id=\"084709c\" data-element_type=\"widget\" data-widget_type=\"text-editor.default\">\n\t\t\t\t<div class=\"elementor-widget-container\">\n\t\t\t\t\t\t\t\t\t<p>EB Plast ha obtenido la certificaci\u00f3n UNI EN ISO 14064, la norma internacional para cuantificar y notificar las emisiones de gases de efecto invernadero. Una herramienta de transparencia y responsabilidad que nos permite controlar nuestro impacto.<\/p>\t\t\t\t\t\t\t\t<\/div>\n\t\t\t\t<\/div>\n\t\t\t\t<div class=\"elementor-element elementor-element-71b3125 elementor-align-right elementor-tablet-align-center elementor-widget elementor-widget-button\" data-id=\"71b3125\" data-element_type=\"widget\" data-widget_type=\"button.default\">\n\t\t\t\t<div class=\"elementor-widget-container\">\n\t\t\t\t\t\t\t\t\t<div class=\"elementor-button-wrapper\">\n\t\t\t\t\t<a class=\"elementor-button elementor-button-link elementor-size-md elementor-animation-grow\" href=\"https:\/\/ebplast.it\/es\/certificazione-uni-en-iso-14064\/\">\n\t\t\t\t\t\t<span class=\"elementor-button-content-wrapper\">\n\t\t\t\t\t\t\t\t\t<span class=\"elementor-button-text\">M\u00e1s informaci\u00f3n<\/span>\n\t\t\t\t\t<\/span>\n\t\t\t\t\t<\/a>\n\t\t\t\t<\/div>\n\t\t\t\t\t\t\t\t<\/div>\n\t\t\t\t<\/div>\n\t\t\t\t\t<\/div>\n\t\t\t\t<\/div>\n\t\t\t\t<section class=\"elementor-section elementor-top-section elementor-element elementor-element-498c6ab3 elementor-section-boxed elementor-section-height-default elementor-section-height-default\" data-id=\"498c6ab3\" data-element_type=\"section\" data-settings=\"{&quot;background_background&quot;:&quot;classic&quot;}\">\n\t\t\t\t\t\t\t<div class=\"elementor-background-overlay\"><\/div>\n\t\t\t\t\t\t\t<div class=\"elementor-container elementor-column-gap-default\">\n\t\t\t\t\t<div class=\"elementor-column elementor-col-100 elementor-top-column elementor-element elementor-element-44a64f80\" data-id=\"44a64f80\" data-element_type=\"column\">\n\t\t\t<div class=\"elementor-widget-wrap elementor-element-populated\">\n\t\t\t\t\t\t<section class=\"elementor-section elementor-inner-section elementor-element elementor-element-4d2ac673 elementor-section-boxed elementor-section-height-default elementor-section-height-default\" data-id=\"4d2ac673\" data-element_type=\"section\">\n\t\t\t\t\t\t<div class=\"elementor-container elementor-column-gap-default\">\n\t\t\t\t\t<div class=\"elementor-column elementor-col-100 elementor-inner-column elementor-element elementor-element-2ae77639 elementor-invisible\" data-id=\"2ae77639\" data-element_type=\"column\" data-settings=\"{&quot;animation&quot;:&quot;fadeInUp&quot;}\">\n\t\t\t<div class=\"elementor-widget-wrap elementor-element-populated\">\n\t\t\t\t\t\t<div class=\"elementor-element elementor-element-5744e4f0 elementor-widget elementor-widget-heading\" data-id=\"5744e4f0\" data-element_type=\"widget\" data-widget_type=\"heading.default\">\n\t\t\t\t<div class=\"elementor-widget-container\">\n\t\t\t\t\t<h2 class=\"elementor-heading-title elementor-size-default\">Nuestro compromiso con la excelencia y la sostenibilidad<\/h2>\t\t\t\t<\/div>\n\t\t\t\t<\/div>\n\t\t\t\t\t<\/div>\n\t\t<\/div>\n\t\t\t\t\t<\/div>\n\t\t<\/section>\n\t\t\t\t\t<\/div>\n\t\t<\/div>\n\t\t\t\t\t<\/div>\n\t\t<\/section>\n\t\t<div class=\"elementor-element elementor-element-84c847b e-flex e-con-boxed e-con e-parent\" data-id=\"84c847b\" data-element_type=\"container\">\n\t\t\t\t\t<div class=\"e-con-inner\">\n\t\t<div class=\"elementor-element elementor-element-7cebef6 e-flex e-con-boxed e-con e-child\" data-id=\"7cebef6\" data-element_type=\"container\">\n\t\t\t\t\t<div class=\"e-con-inner\">\n\t\t<div class=\"elementor-element elementor-element-2a5db5a e-flex e-con-boxed e-con e-child\" data-id=\"2a5db5a\" data-element_type=\"container\">\n\t\t\t\t\t<div class=\"e-con-inner\">\n\t\t\t\t<div class=\"elementor-element elementor-element-ffcab95 elementor-widget elementor-widget-image\" data-id=\"ffcab95\" data-element_type=\"widget\" data-widget_type=\"image.default\">\n\t\t\t\t<div class=\"elementor-widget-container\">\n\t\t\t\t\t\t\t\t\t\t\t\t\t\t\t<img decoding=\"async\" width=\"141\" height=\"170\" src=\"https:\/\/ebplast.it\/wp-content\/uploads\/2025\/06\/ISO-14064.svg\" class=\"attachment-large size-large wp-image-1914\" alt=\"\" \/>\t\t\t\t\t\t\t\t\t\t\t\t\t\t\t<\/div>\n\t\t\t\t<\/div>\n\t\t\t\t<div class=\"elementor-element elementor-element-ff85825 elementor-widget elementor-widget-image\" data-id=\"ff85825\" data-element_type=\"widget\" data-widget_type=\"image.default\">\n\t\t\t\t<div class=\"elementor-widget-container\">\n\t\t\t\t\t\t\t\t\t\t\t\t\t\t\t<img decoding=\"async\" width=\"330\" height=\"308\" src=\"https:\/\/ebplast.it\/wp-content\/uploads\/2024\/01\/PRS-2.png\" class=\"attachment-large size-large wp-image-987\" alt=\"\" srcset=\"https:\/\/ebplast.it\/wp-content\/uploads\/2024\/01\/PRS-2.png 330w, https:\/\/ebplast.it\/wp-content\/uploads\/2024\/01\/PRS-2-300x280.png 300w\" sizes=\"(max-width: 330px) 100vw, 330px\" \/>\t\t\t\t\t\t\t\t\t\t\t\t\t\t\t<\/div>\n\t\t\t\t<\/div>\n\t\t\t\t<div class=\"elementor-element elementor-element-72fed11 elementor-widget elementor-widget-image\" data-id=\"72fed11\" data-element_type=\"widget\" data-widget_type=\"image.default\">\n\t\t\t\t<div class=\"elementor-widget-container\">\n\t\t\t\t\t\t\t\t\t\t\t\t\t\t\t<img loading=\"lazy\" decoding=\"async\" width=\"591\" height=\"709\" src=\"https:\/\/ebplast.it\/wp-content\/uploads\/2024\/01\/DNV_IT_ManagementSysCert_ISO_9001_col_ITA-1.png\" class=\"attachment-large size-large wp-image-1280\" alt=\"\" srcset=\"https:\/\/ebplast.it\/wp-content\/uploads\/2024\/01\/DNV_IT_ManagementSysCert_ISO_9001_col_ITA-1.png 591w, https:\/\/ebplast.it\/wp-content\/uploads\/2024\/01\/DNV_IT_ManagementSysCert_ISO_9001_col_ITA-1-250x300.png 250w\" sizes=\"(max-width: 591px) 100vw, 591px\" \/>\t\t\t\t\t\t\t\t\t\t\t\t\t\t\t<\/div>\n\t\t\t\t<\/div>\n\t\t\t\t\t<\/div>\n\t\t\t\t<\/div>\n\t\t\t\t\t<\/div>\n\t\t\t\t<\/div>\n\t\t\t\t\t<\/div>\n\t\t\t\t<\/div>\n\t\t\t\t<\/div>","protected":false},"excerpt":{"rendered":"<p>EB Plast no es s\u00f3lo un punto de referencia para el moldeo de pl\u00e1sticos en B\u00e9rgamo, sino su socio certificado. Garant\u00eda de Calidad: Nuestras Certificaciones En EB Plast, la calidad y la sostenibilidad est\u00e1n en el coraz\u00f3n de nuestra misi\u00f3n. Nuestras certificaciones reflejan nuestro compromiso de mantener los m\u00e1s altos est\u00e1ndares en cada [...]<\/p>","protected":false},"author":1,"featured_media":0,"parent":0,"menu_order":0,"comment_status":"closed","ping_status":"closed","template":"","meta":{"footnotes":""},"class_list":["post-1552","page","type-page","status-publish","hentry"],"yoast_head":"<!-- This site is optimized with the Yoast SEO Premium plugin v18.4 (Yoast SEO v25.3) - https:\/\/yoast.com\/wordpress\/plugins\/seo\/ -->\n<title>Certificazioni Stampaggio Materie Plastiche | EB PLAST<\/title>\n<meta name=\"description\" content=\"In EB Plast, la qualit\u00e0 e la sostenibilit\u00e0 sono al centro della nostra missione. Le nostre certificazioni riflettono l\u2019impegno a mantenere gli standard pi\u00f9 elevati in ogni aspetto della nostra operativit\u00e0, dalla produzione responsabile all\u2019innovazione sostenibile.\" \/>\n<meta name=\"robots\" content=\"index, follow, max-snippet:-1, max-image-preview:large, max-video-preview:-1\" \/>\n<link rel=\"canonical\" href=\"https:\/\/ebplast.it\/es\/certificazioni\/\" \/>\n<meta property=\"og:locale\" content=\"es_ES\" \/>\n<meta property=\"og:type\" content=\"article\" \/>\n<meta property=\"og:title\" content=\"Certificazioni\" \/>\n<meta property=\"og:description\" content=\"In EB Plast, la qualit\u00e0 e la sostenibilit\u00e0 sono al centro della nostra missione. Le nostre certificazioni riflettono l\u2019impegno a mantenere gli standard pi\u00f9 elevati in ogni aspetto della nostra operativit\u00e0, dalla produzione responsabile all\u2019innovazione sostenibile.\" \/>\n<meta property=\"og:url\" content=\"https:\/\/ebplast.it\/es\/certificazioni\/\" \/>\n<meta property=\"og:site_name\" content=\"EB PLAST\" \/>\n<meta property=\"article:modified_time\" content=\"2026-02-18T10:08:26+00:00\" \/>\n<meta property=\"og:image\" content=\"https:\/\/ebplast.it\/wp-content\/uploads\/2024\/02\/EB-Plast-Certificazioni-foto-drone-scaled.jpg\" \/>\n\t<meta property=\"og:image:width\" content=\"2560\" \/>\n\t<meta property=\"og:image:height\" content=\"1707\" \/>\n\t<meta property=\"og:image:type\" content=\"image\/jpeg\" \/>\n<meta name=\"twitter:card\" content=\"summary_large_image\" \/>\n<meta name=\"twitter:label1\" content=\"Tiempo de lectura\" \/>\n\t<meta name=\"twitter:data1\" content=\"2 minutos\" \/>\n<script type=\"application\/ld+json\" class=\"yoast-schema-graph\">{\"@context\":\"https:\/\/schema.org\",\"@graph\":[{\"@type\":\"WebPage\",\"@id\":\"https:\/\/ebplast.it\/certificazioni\/\",\"url\":\"https:\/\/ebplast.it\/certificazioni\/\",\"name\":\"Certificazioni Stampaggio Materie Plastiche | EB PLAST\",\"isPartOf\":{\"@id\":\"https:\/\/ebplast.it\/#website\"},\"primaryImageOfPage\":{\"@id\":\"https:\/\/ebplast.it\/certificazioni\/#primaryimage\"},\"image\":{\"@id\":\"https:\/\/ebplast.it\/certificazioni\/#primaryimage\"},\"thumbnailUrl\":\"https:\/\/ebplast.it\/wp-content\/uploads\/2024\/02\/EB-Plast-Certificazioni-foto-drone-1024x683.jpg\",\"datePublished\":\"2024-02-14T10:28:55+00:00\",\"dateModified\":\"2026-02-18T10:08:26+00:00\",\"description\":\"In EB Plast, la qualit\u00e0 e la sostenibilit\u00e0 sono al centro della nostra missione. Le nostre certificazioni riflettono l\u2019impegno a mantenere gli standard pi\u00f9 elevati in ogni aspetto della nostra operativit\u00e0, dalla produzione responsabile all\u2019innovazione sostenibile.\",\"breadcrumb\":{\"@id\":\"https:\/\/ebplast.it\/certificazioni\/#breadcrumb\"},\"inLanguage\":\"es\",\"potentialAction\":[{\"@type\":\"ReadAction\",\"target\":[\"https:\/\/ebplast.it\/certificazioni\/\"]}]},{\"@type\":\"ImageObject\",\"inLanguage\":\"es\",\"@id\":\"https:\/\/ebplast.it\/certificazioni\/#primaryimage\",\"url\":\"https:\/\/ebplast.it\/wp-content\/uploads\/2024\/02\/EB-Plast-Certificazioni-foto-drone-1024x683.jpg\",\"contentUrl\":\"https:\/\/ebplast.it\/wp-content\/uploads\/2024\/02\/EB-Plast-Certificazioni-foto-drone-1024x683.jpg\"},{\"@type\":\"BreadcrumbList\",\"@id\":\"https:\/\/ebplast.it\/certificazioni\/#breadcrumb\",\"itemListElement\":[{\"@type\":\"ListItem\",\"position\":1,\"name\":\"Home\",\"item\":\"https:\/\/ebplast.it\/\"},{\"@type\":\"ListItem\",\"position\":2,\"name\":\"Certificazioni\"}]},{\"@type\":\"WebSite\",\"@id\":\"https:\/\/ebplast.it\/#website\",\"url\":\"https:\/\/ebplast.it\/\",\"name\":\"EB PLAST\",\"description\":\"Plastic Experience\",\"publisher\":{\"@id\":\"https:\/\/ebplast.it\/#organization\"},\"potentialAction\":[{\"@type\":\"SearchAction\",\"target\":{\"@type\":\"EntryPoint\",\"urlTemplate\":\"https:\/\/ebplast.it\/?s={search_term_string}\"},\"query-input\":{\"@type\":\"PropertyValueSpecification\",\"valueRequired\":true,\"valueName\":\"search_term_string\"}}],\"inLanguage\":\"es\"},{\"@type\":\"Organization\",\"@id\":\"https:\/\/ebplast.it\/#organization\",\"name\":\"EB PLAST\",\"url\":\"https:\/\/ebplast.it\/\",\"logo\":{\"@type\":\"ImageObject\",\"inLanguage\":\"es\",\"@id\":\"https:\/\/ebplast.it\/#\/schema\/logo\/image\/\",\"url\":\"https:\/\/ebplast.it\/wp-content\/uploads\/2024\/03\/vettoriale-orizzontale.png\",\"contentUrl\":\"https:\/\/ebplast.it\/wp-content\/uploads\/2024\/03\/vettoriale-orizzontale.png\",\"width\":1700,\"height\":1100,\"caption\":\"EB PLAST\"},\"image\":{\"@id\":\"https:\/\/ebplast.it\/#\/schema\/logo\/image\/\"}}]}<\/script>\n<!-- \/ Yoast SEO Premium plugin. -->","yoast_head_json":{"title":"Certificazioni Stampaggio Materie Plastiche | EB PLAST","description":"In EB Plast, la qualit\u00e0 e la sostenibilit\u00e0 sono al centro della nostra missione. Le nostre certificazioni riflettono l\u2019impegno a mantenere gli standard pi\u00f9 elevati in ogni aspetto della nostra operativit\u00e0, dalla produzione responsabile all\u2019innovazione sostenibile.","robots":{"index":"index","follow":"follow","max-snippet":"max-snippet:-1","max-image-preview":"max-image-preview:large","max-video-preview":"max-video-preview:-1"},"canonical":"https:\/\/ebplast.it\/es\/certificazioni\/","og_locale":"es_ES","og_type":"article","og_title":"Certificazioni","og_description":"In EB Plast, la qualit\u00e0 e la sostenibilit\u00e0 sono al centro della nostra missione. Le nostre certificazioni riflettono l\u2019impegno a mantenere gli standard pi\u00f9 elevati in ogni aspetto della nostra operativit\u00e0, dalla produzione responsabile all\u2019innovazione sostenibile.","og_url":"https:\/\/ebplast.it\/es\/certificazioni\/","og_site_name":"EB PLAST","article_modified_time":"2026-02-18T10:08:26+00:00","og_image":[{"width":2560,"height":1707,"url":"https:\/\/ebplast.it\/wp-content\/uploads\/2024\/02\/EB-Plast-Certificazioni-foto-drone-scaled.jpg","type":"image\/jpeg"}],"twitter_card":"summary_large_image","twitter_misc":{"Tiempo de lectura":"2 minutos"},"schema":{"@context":"https:\/\/schema.org","@graph":[{"@type":"WebPage","@id":"https:\/\/ebplast.it\/certificazioni\/","url":"https:\/\/ebplast.it\/certificazioni\/","name":"Certificazioni Stampaggio Materie Plastiche | EB PLAST","isPartOf":{"@id":"https:\/\/ebplast.it\/#website"},"primaryImageOfPage":{"@id":"https:\/\/ebplast.it\/certificazioni\/#primaryimage"},"image":{"@id":"https:\/\/ebplast.it\/certificazioni\/#primaryimage"},"thumbnailUrl":"https:\/\/ebplast.it\/wp-content\/uploads\/2024\/02\/EB-Plast-Certificazioni-foto-drone-1024x683.jpg","datePublished":"2024-02-14T10:28:55+00:00","dateModified":"2026-02-18T10:08:26+00:00","description":"In EB Plast, la qualit\u00e0 e la sostenibilit\u00e0 sono al centro della nostra missione. Le nostre certificazioni riflettono l\u2019impegno a mantenere gli standard pi\u00f9 elevati in ogni aspetto della nostra operativit\u00e0, dalla produzione responsabile all\u2019innovazione sostenibile.","breadcrumb":{"@id":"https:\/\/ebplast.it\/certificazioni\/#breadcrumb"},"inLanguage":"es","potentialAction":[{"@type":"ReadAction","target":["https:\/\/ebplast.it\/certificazioni\/"]}]},{"@type":"ImageObject","inLanguage":"es","@id":"https:\/\/ebplast.it\/certificazioni\/#primaryimage","url":"https:\/\/ebplast.it\/wp-content\/uploads\/2024\/02\/EB-Plast-Certificazioni-foto-drone-1024x683.jpg","contentUrl":"https:\/\/ebplast.it\/wp-content\/uploads\/2024\/02\/EB-Plast-Certificazioni-foto-drone-1024x683.jpg"},{"@type":"BreadcrumbList","@id":"https:\/\/ebplast.it\/certificazioni\/#breadcrumb","itemListElement":[{"@type":"ListItem","position":1,"name":"Home","item":"https:\/\/ebplast.it\/"},{"@type":"ListItem","position":2,"name":"Certificazioni"}]},{"@type":"WebSite","@id":"https:\/\/ebplast.it\/#website","url":"https:\/\/ebplast.it\/","name":"EB PLAST","description":"Plastic Experience","publisher":{"@id":"https:\/\/ebplast.it\/#organization"},"potentialAction":[{"@type":"SearchAction","target":{"@type":"EntryPoint","urlTemplate":"https:\/\/ebplast.it\/?s={search_term_string}"},"query-input":{"@type":"PropertyValueSpecification","valueRequired":true,"valueName":"search_term_string"}}],"inLanguage":"es"},{"@type":"Organization","@id":"https:\/\/ebplast.it\/#organization","name":"EB PLAST","url":"https:\/\/ebplast.it\/","logo":{"@type":"ImageObject","inLanguage":"es","@id":"https:\/\/ebplast.it\/#\/schema\/logo\/image\/","url":"https:\/\/ebplast.it\/wp-content\/uploads\/2024\/03\/vettoriale-orizzontale.png","contentUrl":"https:\/\/ebplast.it\/wp-content\/uploads\/2024\/03\/vettoriale-orizzontale.png","width":1700,"height":1100,"caption":"EB PLAST"},"image":{"@id":"https:\/\/ebplast.it\/#\/schema\/logo\/image\/"}}]}},"_links":{"self":[{"href":"https:\/\/ebplast.it\/es\/wp-json\/wp\/v2\/pages\/1552","targetHints":{"allow":["GET"]}}],"collection":[{"href":"https:\/\/ebplast.it\/es\/wp-json\/wp\/v2\/pages"}],"about":[{"href":"https:\/\/ebplast.it\/es\/wp-json\/wp\/v2\/types\/page"}],"author":[{"embeddable":true,"href":"https:\/\/ebplast.it\/es\/wp-json\/wp\/v2\/users\/1"}],"replies":[{"embeddable":true,"href":"https:\/\/ebplast.it\/es\/wp-json\/wp\/v2\/comments?post=1552"}],"version-history":[{"count":49,"href":"https:\/\/ebplast.it\/es\/wp-json\/wp\/v2\/pages\/1552\/revisions"}],"predecessor-version":[{"id":2101,"href":"https:\/\/ebplast.it\/es\/wp-json\/wp\/v2\/pages\/1552\/revisions\/2101"}],"wp:attachment":[{"href":"https:\/\/ebplast.it\/es\/wp-json\/wp\/v2\/media?parent=1552"}],"curies":[{"name":"wp","href":"https:\/\/api.w.org\/{rel}","templated":true}]}}